{"id":1054,"date":"2018-04-19T09:47:02","date_gmt":"2018-04-19T12:47:02","guid":{"rendered":"http:\/\/www.ederer.com.br\/portal\/?page_id=1054"},"modified":"2018-04-19T09:48:43","modified_gmt":"2018-04-19T12:48:43","slug":"manometros-2","status":"publish","type":"page","link":"https:\/\/www.ederer.com.br\/portal\/manometros-2\/","title":{"rendered":"MAN\u00d4METROS"},"content":{"rendered":"<p>[vc_row][vc_column][\/vc_column][\/vc_row][vc_row css=&#8221;.vc_custom_1500921084870{margin-top: 75px !important;}&#8221;][vc_column width=&#8221;3\/4&#8243;][vc_single_image image=&#8221;1056&#8243; img_size=&#8221;full&#8221; alignment=&#8221;center&#8221;][skela_heading heading_title=&#8221;MAN\u00d4METROS&#8221;][vc_column_text]Instrumentos com alta qualidade, excelente precis\u00e3o e durabilidade. Fabricados com caixa de a\u00e7o inox AISI-304 e internos em lat\u00e3o.<\/p>\n<p>Di\u00e2metro do visor: 62mm (em policarbonato)<\/p>\n<p>Conex\u00e3o vertical em lat\u00e3o com rosca \u00bc\u201d BSP.<\/p>\n<p>Escala de press\u00e3o de 0 a 20 kgf\/cm\u00b2.<\/p>\n<p>[\/vc_column_text][\/vc_column][vc_column width=&#8221;1\/4&#8243;][vc_row_inner css=&#8221;.vc_custom_1500923511933{padding-right: 15px !important;padding-left: 15px !important;}&#8221;][vc_column_inner css=&#8221;.vc_custom_1500923497882{padding-top: 25px !important;padding-right: 25px !important;padding-bottom: 25px !important;padding-left: 25px !important;background-color: #222429 !important;}&#8221;][skela_heading heading_title_color=&#8221;#f7f7f7&#8243; heading_title=&#8221;QUALIDADE&#8221;][skela_icon_box icon_type=&#8221;font-icon&#8221; icon_color=&#8221;#1e73be&#8221; title_color=&#8221;#eaeaea&#8221; desc_color=&#8221;#eaeaea&#8221; font_icon=&#8221;fa fa-info-circle&#8221; desc=&#8221;A Ederer Comercial Importadora, trabalha apenas com os melhores fornecedores com produtos de qualidade.&#8221; title=&#8221;Os melhors produtos&#8221;][vc_separator color=&#8221;custom&#8221; accent_color=&#8221;#4c4c4c&#8221;][\/vc_column_inner][\/vc_row_inner][vc_empty_space][\/vc_column][\/vc_row]<\/p>\n","protected":false},"excerpt":{"rendered":"<p>[vc_row][vc_column][\/vc_column][\/vc_row][vc_row css=&#8221;.vc_custom_1500921084870{margin-top: 75px !important;}&#8221;][vc_column width=&#8221;3\/4&#8243;][vc_single_image image=&#8221;1056&#8243; img_size=&#8221;full&#8221; alignment=&#8221;center&#8221;][skela_heading heading_title=&#8221;MAN\u00d4METROS&#8221;][vc_column_text]Instrumentos com alta qualidade, excelente precis\u00e3o e durabilidade. Fabricados com caixa de a\u00e7o inox AISI-304 e internos em lat\u00e3o. Di\u00e2metro do visor: 62mm (em policarbonato) Conex\u00e3o vertical em lat\u00e3o com rosca \u00bc\u201d BSP. Escala de press\u00e3o de 0 a 20 kgf\/cm\u00b2. [\/vc_column_text][\/vc_column][vc_column width=&#8221;1\/4&#8243;][vc_row_inner css=&#8221;.vc_custom_1500923511933{padding-right: 15px !important;padding-left: 15px<\/p>\n","protected":false},"author":2,"featured_media":0,"parent":0,"menu_order":0,"comment_status":"closed","ping_status":"closed","template":"","meta":{"footnotes":""},"_links":{"self":[{"href":"https:\/\/www.ederer.com.br\/portal\/wp-json\/wp\/v2\/pages\/1054"}],"collection":[{"href":"https:\/\/www.ederer.com.br\/portal\/wp-json\/wp\/v2\/pages"}],"about":[{"href":"https:\/\/www.ederer.com.br\/portal\/wp-json\/wp\/v2\/types\/page"}],"author":[{"embeddable":true,"href":"https:\/\/www.ederer.com.br\/portal\/wp-json\/wp\/v2\/users\/2"}],"replies":[{"embeddable":true,"href":"https:\/\/www.ederer.com.br\/portal\/wp-json\/wp\/v2\/comments?post=1054"}],"version-history":[{"count":3,"href":"https:\/\/www.ederer.com.br\/portal\/wp-json\/wp\/v2\/pages\/1054\/revisions"}],"predecessor-version":[{"id":1063,"href":"https:\/\/www.ederer.com.br\/portal\/wp-json\/wp\/v2\/pages\/1054\/revisions\/1063"}],"wp:attachment":[{"href":"https:\/\/www.ederer.com.br\/portal\/wp-json\/wp\/v2\/media?parent=1054"}],"curies":[{"name":"wp","href":"https:\/\/api.w.org\/{rel}","templated":true}]}}