{"id":1168,"date":"2021-01-11T16:09:55","date_gmt":"2021-01-11T19:09:55","guid":{"rendered":"http:\/\/www.ederer.com.br\/portal\/?page_id=1168"},"modified":"2021-01-13T15:27:34","modified_gmt":"2021-01-13T18:27:34","slug":"aspersor-ed-424s","status":"publish","type":"page","link":"https:\/\/www.ederer.com.br\/portal\/aspersor-ed-424s\/","title":{"rendered":"Aspersor ED424s"},"content":{"rendered":"<p>[vc_row 0=&#8221;&#8221;][vc_column 0=&#8221;&#8221;][\/vc_column][\/vc_row][vc_row css=&#8221;.vc_custom_1500921084870{margin-top: 75px !important;}&#8221;][vc_column width=&#8221;3\/4&#8243;][vc_single_image image=&#8221;1172&#8243; img_size=&#8221;full&#8221; alignment=&#8221;center&#8221;][skela_heading heading_title=&#8221;ASPERSOR ED424s &#8220;][vc_column_text 0=&#8221;&#8221;]O aspersor ED424s \u00e9 um equipamento 100% nacional, de f\u00e1cil manuten\u00e7\u00e3o, desenvolvido para trabalhos pesados, tanto na irriga\u00e7\u00e3o convencional como na fertirriga\u00e7\u00e3o em geral, que normalmente utiliza l\u00edquidos extremamente <strong>abrasivos e\/ou corrosivos.<\/strong><\/p>\n<p><strong>Pensando nisso, o aspersor ED424s possui:<\/strong><\/p>\n<ul>\n<li>Inserto de borracha na base flangeada para prote\u00e7\u00e3o contra abras\u00e3o;<\/li>\n<li>Tubo ejetor, curva e base flangeada com maior espessura e feito com ligas de alum\u00ednio especiais;<\/li>\n<li>Haste interna totalmente em a\u00e7o inox;<\/li>\n<li>Assist\u00eancia t\u00e9cnica especializada;<\/li>\n<\/ul>\n<p>[\/vc_column_text][vc_row_inner][vc_column_inner][vc_images_carousel images=&#8221;1191,1190,1189,1192&#8243; img_size=&#8221;large&#8221; speed=&#8221;3000&#8243; slides_per_view=&#8221;4&#8243; autoplay=&#8221;yes&#8221;][\/vc_column_inner][\/vc_row_inner][\/vc_column][vc_column width=&#8221;1\/4&#8243;][vc_row_inner css=&#8221;.vc_custom_1500923511933{padding-right: 15px !important;padding-left: 15px !important;}&#8221;][vc_column_inner css=&#8221;.vc_custom_1500923497882{padding-top: 25px !important;padding-right: 25px !important;padding-bottom: 25px !important;padding-left: 25px !important;background-color: #222429 !important;}&#8221;][skela_heading heading_title_color=&#8221;#f7f7f7&#8243; heading_title=&#8221;DETALHES DO PRODUTO&#8221;][skela_icon_box icon_type=&#8221;font-icon&#8221; icon_color=&#8221;#1e73be&#8221; title_color=&#8221;#eaeaea&#8221; desc_color=&#8221;#eaeaea&#8221; font_icon=&#8221;fa fa-info-circle&#8221; desc=&#8221;27,5 \u2013 40 mm<br \/>\n&#8221; title=&#8221;Bocais Dispon\u00edveis&#8221;][vc_separator color=&#8221;custom&#8221; accent_color=&#8221;#4c4c4c&#8221;][skela_icon_box icon_type=&#8221;font-icon&#8221; icon_color=&#8221;#1e73be&#8221; title_color=&#8221;#eaeaea&#8221; desc_color=&#8221;#eaeaea&#8221; font_icon=&#8221;fa fa-camera&#8221; desc=&#8221;49,28 \u2013 147,46 m\u00b3\/h<br \/>\n&#8221; title=&#8221;Faixa de vaz\u00e3o&#8221;][vc_separator color=&#8221;custom&#8221; accent_color=&#8221;#4c4c4c&#8221;][skela_icon_box icon_type=&#8221;font-icon&#8221; icon_color=&#8221;#1e73be&#8221; title_color=&#8221;#eaeaea&#8221; desc_color=&#8221;#eaeaea&#8221; font_icon=&#8221;fa fa-file-pdf-o&#8221; desc=&#8221;43,5 \u2013 70,5 m<br \/>\n&#8221; title=&#8221;Faixa de alcance&#8221;][\/vc_column_inner][\/vc_row_inner][vc_empty_space 0=&#8221;&#8221;][skela_heading heading_title_color=&#8221;&#8221; heading_title=&#8221;DOWNLOADS&#8221;][vc_btn title=&#8221;Manual de opera\u00e7\u00f5es Pe\u00e7as de reposi\u00e7\u00e3o&#8221; style=&#8221;flat&#8221; shape=&#8221;square&#8221; color=&#8221;primary&#8221; align=&#8221;left&#8221; i_icon_fontawesome=&#8221;fa fa-file-pdf-o&#8221; button_block=&#8221;true&#8221; add_icon=&#8221;true&#8221; link=&#8221;url:http%3A%2F%2Fwww.ederer.com.br%2Fportal%2Fwp-content%2Fuploads%2F2021%2F01%2FManual-424s-sequencial.pdf||target:%20_blank|&#8221;][\/vc_column][\/vc_row]<\/p>\n","protected":false},"excerpt":{"rendered":"<p>[vc_row 0=&#8221;&#8221;][vc_column 0=&#8221;&#8221;][\/vc_column][\/vc_row][vc_row css=&#8221;.vc_custom_1500921084870{margin-top: 75px !important;}&#8221;][vc_column width=&#8221;3\/4&#8243;][vc_single_image image=&#8221;1172&#8243; img_size=&#8221;full&#8221; alignment=&#8221;center&#8221;][skela_heading heading_title=&#8221;ASPERSOR ED424s &#8220;][vc_column_text 0=&#8221;&#8221;]O aspersor ED424s \u00e9 um equipamento 100% nacional, de f\u00e1cil manuten\u00e7\u00e3o, desenvolvido para trabalhos pesados, tanto na irriga\u00e7\u00e3o convencional como na fertirriga\u00e7\u00e3o em geral, que normalmente utiliza l\u00edquidos extremamente abrasivos e\/ou corrosivos. Pensando nisso, o aspersor ED424s possui: Inserto de borracha na<\/p>\n","protected":false},"author":1,"featured_media":0,"parent":0,"menu_order":0,"comment_status":"closed","ping_status":"closed","template":"","meta":{"footnotes":""},"_links":{"self":[{"href":"https:\/\/www.ederer.com.br\/portal\/wp-json\/wp\/v2\/pages\/1168"}],"collection":[{"href":"https:\/\/www.ederer.com.br\/portal\/wp-json\/wp\/v2\/pages"}],"about":[{"href":"https:\/\/www.ederer.com.br\/portal\/wp-json\/wp\/v2\/types\/page"}],"author":[{"embeddable":true,"href":"https:\/\/www.ederer.com.br\/portal\/wp-json\/wp\/v2\/users\/1"}],"replies":[{"embeddable":true,"href":"https:\/\/www.ederer.com.br\/portal\/wp-json\/wp\/v2\/comments?post=1168"}],"version-history":[{"count":30,"href":"https:\/\/www.ederer.com.br\/portal\/wp-json\/wp\/v2\/pages\/1168\/revisions"}],"predecessor-version":[{"id":1210,"href":"https:\/\/www.ederer.com.br\/portal\/wp-json\/wp\/v2\/pages\/1168\/revisions\/1210"}],"wp:attachment":[{"href":"https:\/\/www.ederer.com.br\/portal\/wp-json\/wp\/v2\/media?parent=1168"}],"curies":[{"name":"wp","href":"https:\/\/api.w.org\/{rel}","templated":true}]}}