{"id":16,"date":"2017-03-07T01:15:19","date_gmt":"2017-03-07T01:15:19","guid":{"rendered":"http:\/\/themes.esmeth.com\/skela\/?page_id=16"},"modified":"2023-07-18T11:06:51","modified_gmt":"2023-07-18T14:06:51","slug":"about-us","status":"publish","type":"page","link":"https:\/\/www.ederer.com.br\/portal\/about-us\/","title":{"rendered":"Sobre n\u00f3s"},"content":{"rendered":"<p>[vc_row css=&#8221;.vc_custom_1489602223079{margin-top: 0px !important;margin-bottom: 0px !important;padding-top: 100px !important;padding-bottom: 70px !important;}&#8221;][vc_column width=&#8221;1\/2&#8243;][skela_heading heading_title=&#8221;Mais de 50 anos de experi\u00eancia&#8221; heading_desc=&#8221;Fundada em 2004 tem, atrav\u00e9s de seus diretores e sua equipe de vendas, a grande experi\u00eancia adquirida no mercado de equipamentos de irriga\u00e7\u00e3o. &#8220;][vc_row_inner css=&#8221;.vc_custom_1489601464906{margin-top: 0px !important;margin-bottom: 0px !important;padding-top: 20px !important;padding-bottom: 0px !important;}&#8221;][vc_column_inner css=&#8221;.vc_custom_1489601206530{margin-top: 0px !important;margin-bottom: 0px !important;padding-top: 0px !important;padding-bottom: 0px !important;}&#8221;][skela_icon_box icon_type=&#8221;font-icon&#8221; icon_color=&#8221;#ffffff&#8221; font_icon=&#8221;fa fa-thumbs-up&#8221;][\/vc_column_inner][\/vc_row_inner][\/vc_column][vc_column width=&#8221;1\/2&#8243; css=&#8221;.vc_custom_1489601948883{margin-top: 0px !important;margin-bottom: 0px !important;padding-top: 0px !important;padding-bottom: 0px !important;}&#8221;][vc_single_image image=&#8221;857&#8243; img_size=&#8221;full&#8221; alignment=&#8221;center&#8221; css_animation=&#8221;fadeIn&#8221; css=&#8221;.vc_custom_1502300274982{margin-top: 0px !important;margin-bottom: 0px !important;padding-top: 0px !important;padding-bottom: 0px !important;}&#8221;][\/vc_column][\/vc_row][vc_row disable_element=&#8221;yes&#8221; css=&#8221;.vc_custom_1511787824282{margin-top: 0px !important;margin-bottom: 0px !important;padding-top: 100px !important;padding-bottom: 70px !important;}&#8221;][vc_column css=&#8221;.vc_custom_1489603224004{margin-top: 0px !important;margin-bottom: 0px !important;padding-top: 0px !important;padding-bottom: 0px !important;}&#8221;][vc_row_inner][vc_column_inner width=&#8221;1\/2&#8243; css=&#8221;.vc_custom_1491417587566{margin-top: 0px !important;margin-bottom: 0px !important;padding-top: 0px !important;padding-bottom: 0px !important;}&#8221; offset=&#8221;vc_col-lg-offset-3 vc_col-md-offset-3&#8243;][skela_heading heading_align=&#8221;text-center&#8221; heading_title=&#8221;Nossos parceiros&#8221; heading_desc=&#8221;Principais clientes e parceiros da Ederer Comercial Importadora&#8221;][\/vc_column_inner][\/vc_row_inner][vc_row_inner css=&#8221;.vc_custom_1489603304896{margin-top: 0px !important;margin-bottom: 0px !important;padding-top: 30px !important;padding-bottom: 0px !important;}&#8221;][vc_column_inner css=&#8221;.vc_custom_1489603313778{margin-top: 0px !important;margin-bottom: 0px !important;padding-top: 0px !important;padding-bottom: 0px !important;}&#8221;][skela_partner_grid partner_title=&#8221;Our Partners&#8221;][\/vc_column_inner][\/vc_row_inner][\/vc_column][\/vc_row]<\/p>\n","protected":false},"excerpt":{"rendered":"<p>[vc_row css=&#8221;.vc_custom_1489602223079{margin-top: 0px !important;margin-bottom: 0px !important;padding-top: 100px !important;padding-bottom: 70px !important;}&#8221;][vc_column width=&#8221;1\/2&#8243;][skela_heading heading_title=&#8221;Mais de 50 anos de experi\u00eancia&#8221; heading_desc=&#8221;Fundada em 2004 tem, atrav\u00e9s de seus diretores e sua equipe de vendas, a grande experi\u00eancia adquirida no mercado de equipamentos de irriga\u00e7\u00e3o. &#8220;][vc_row_inner css=&#8221;.vc_custom_1489601464906{margin-top: 0px !important;margin-bottom: 0px !important;padding-top: 20px !important;padding-bottom: 0px !important;}&#8221;][vc_column_inner css=&#8221;.vc_custom_1489601206530{margin-top: 0px !important;margin-bottom: 0px !important;padding-top:<\/p>\n","protected":false},"author":1,"featured_media":0,"parent":0,"menu_order":0,"comment_status":"closed","ping_status":"closed","template":"","meta":{"footnotes":""},"_links":{"self":[{"href":"https:\/\/www.ederer.com.br\/portal\/wp-json\/wp\/v2\/pages\/16"}],"collection":[{"href":"https:\/\/www.ederer.com.br\/portal\/wp-json\/wp\/v2\/pages"}],"about":[{"href":"https:\/\/www.ederer.com.br\/portal\/wp-json\/wp\/v2\/types\/page"}],"author":[{"embeddable":true,"href":"https:\/\/www.ederer.com.br\/portal\/wp-json\/wp\/v2\/users\/1"}],"replies":[{"embeddable":true,"href":"https:\/\/www.ederer.com.br\/portal\/wp-json\/wp\/v2\/comments?post=16"}],"version-history":[{"count":14,"href":"https:\/\/www.ederer.com.br\/portal\/wp-json\/wp\/v2\/pages\/16\/revisions"}],"predecessor-version":[{"id":1234,"href":"https:\/\/www.ederer.com.br\/portal\/wp-json\/wp\/v2\/pages\/16\/revisions\/1234"}],"wp:attachment":[{"href":"https:\/\/www.ederer.com.br\/portal\/wp-json\/wp\/v2\/media?parent=16"}],"curies":[{"name":"wp","href":"https:\/\/api.w.org\/{rel}","templated":true}]}}