{"id":911,"date":"2017-09-25T11:22:51","date_gmt":"2017-09-25T14:22:51","guid":{"rendered":"http:\/\/www.ederer.com.br\/portal\/?page_id=911"},"modified":"2017-09-25T15:06:58","modified_gmt":"2017-09-25T18:06:58","slug":"mangotes-de-succao","status":"publish","type":"page","link":"https:\/\/www.ederer.com.br\/portal\/mangotes-de-succao\/","title":{"rendered":"MANGOTES DE SUC\u00c7\u00c3O"},"content":{"rendered":"<p>[vc_row][vc_column][\/vc_column][\/vc_row][vc_row css=&#8221;.vc_custom_1500921084870{margin-top: 75px !important;}&#8221;][vc_column width=&#8221;3\/4&#8243;][vc_single_image image=&#8221;917&#8243; img_size=&#8221;full&#8221;][skela_heading heading_title=&#8221;MANGOTES DE SUC\u00c7\u00c3O&#8221;][vc_column_text]<img loading=\"lazy\" decoding=\"async\" class=\"alignnone wp-image-913 size-full\" src=\"http:\/\/www.ederer.com.br\/portal\/wp-content\/uploads\/2017\/09\/tabela-mangote.jpg\" alt=\"\" width=\"567\" height=\"206\" srcset=\"https:\/\/www.ederer.com.br\/portal\/wp-content\/uploads\/2017\/09\/tabela-mangote.jpg 567w, https:\/\/www.ederer.com.br\/portal\/wp-content\/uploads\/2017\/09\/tabela-mangote-300x109.jpg 300w\" sizes=\"(max-width: 567px) 100vw, 567px\" \/><\/p>\n<p>ISPL \u2013 Suc\u00e7\u00e3o laranja pesada \u00e9 fabricado em PVC flex\u00edvel (Policloreto de vinila), refor\u00e7ado em espiral de PVC r\u00edgido (policloreto de vinila).<\/p>\n<p>ISPL \u2013 Suc\u00e7\u00e3o Laranja pesada \u00e9 indicado para suc\u00e7\u00e3o e descaga de \u00e1gua, tais como: L\u00edquidos, pastosos, cascalhos, minera\u00e7\u00e3o, garimpo, etc.[\/vc_column_text][\/vc_column][vc_column width=&#8221;1\/4&#8243;][vc_row_inner css=&#8221;.vc_custom_1500923511933{padding-right: 15px !important;padding-left: 15px !important;}&#8221;][vc_column_inner css=&#8221;.vc_custom_1500923497882{padding-top: 25px !important;padding-right: 25px !important;padding-bottom: 25px !important;padding-left: 25px !important;background-color: #222429 !important;}&#8221;][skela_heading heading_title_color=&#8221;#f7f7f7&#8243; heading_title=&#8221;QUALIDADE&#8221;][skela_icon_box icon_type=&#8221;font-icon&#8221; icon_color=&#8221;#1e73be&#8221; title_color=&#8221;#eaeaea&#8221; desc_color=&#8221;#eaeaea&#8221; font_icon=&#8221;fa fa-info-circle&#8221; desc=&#8221;A Ederer Comercial Importadora, trabalha apenas com os melhores fornecedores com produtos de qualidade.&#8221; title=&#8221;Os melhors produtos&#8221;][vc_separator color=&#8221;custom&#8221; accent_color=&#8221;#4c4c4c&#8221;][\/vc_column_inner][\/vc_row_inner][vc_empty_space][\/vc_column][\/vc_row]<\/p>\n","protected":false},"excerpt":{"rendered":"<p>[vc_row][vc_column][\/vc_column][\/vc_row][vc_row css=&#8221;.vc_custom_1500921084870{margin-top: 75px !important;}&#8221;][vc_column width=&#8221;3\/4&#8243;][vc_single_image image=&#8221;917&#8243; img_size=&#8221;full&#8221;][skela_heading heading_title=&#8221;MANGOTES DE SUC\u00c7\u00c3O&#8221;][vc_column_text] ISPL \u2013 Suc\u00e7\u00e3o laranja pesada \u00e9 fabricado em PVC flex\u00edvel (Policloreto de vinila), refor\u00e7ado em espiral de PVC r\u00edgido (policloreto de vinila). ISPL \u2013 Suc\u00e7\u00e3o Laranja pesada \u00e9 indicado para suc\u00e7\u00e3o e descaga de \u00e1gua, tais como: L\u00edquidos, pastosos, cascalhos, minera\u00e7\u00e3o, garimpo, etc.[\/vc_column_text][\/vc_column][vc_column width=&#8221;1\/4&#8243;][vc_row_inner css=&#8221;.vc_custom_1500923511933{padding-right:<\/p>\n","protected":false},"author":2,"featured_media":0,"parent":0,"menu_order":0,"comment_status":"closed","ping_status":"closed","template":"","meta":{"footnotes":""},"_links":{"self":[{"href":"https:\/\/www.ederer.com.br\/portal\/wp-json\/wp\/v2\/pages\/911"}],"collection":[{"href":"https:\/\/www.ederer.com.br\/portal\/wp-json\/wp\/v2\/pages"}],"about":[{"href":"https:\/\/www.ederer.com.br\/portal\/wp-json\/wp\/v2\/types\/page"}],"author":[{"embeddable":true,"href":"https:\/\/www.ederer.com.br\/portal\/wp-json\/wp\/v2\/users\/2"}],"replies":[{"embeddable":true,"href":"https:\/\/www.ederer.com.br\/portal\/wp-json\/wp\/v2\/comments?post=911"}],"version-history":[{"count":6,"href":"https:\/\/www.ederer.com.br\/portal\/wp-json\/wp\/v2\/pages\/911\/revisions"}],"predecessor-version":[{"id":946,"href":"https:\/\/www.ederer.com.br\/portal\/wp-json\/wp\/v2\/pages\/911\/revisions\/946"}],"wp:attachment":[{"href":"https:\/\/www.ederer.com.br\/portal\/wp-json\/wp\/v2\/media?parent=911"}],"curies":[{"name":"wp","href":"https:\/\/api.w.org\/{rel}","templated":true}]}}