{"id":930,"date":"2017-09-25T14:46:57","date_gmt":"2017-09-25T17:46:57","guid":{"rendered":"http:\/\/www.ederer.com.br\/portal\/?page_id=930"},"modified":"2018-04-19T09:14:17","modified_gmt":"2018-04-19T12:14:17","slug":"painel-solar","status":"publish","type":"page","link":"https:\/\/www.ederer.com.br\/portal\/painel-solar\/","title":{"rendered":"PAIN\u00c9IS SOLARES"},"content":{"rendered":"<p>[vc_row][vc_column][\/vc_column][\/vc_row][vc_row css=&#8221;.vc_custom_1500921084870{margin-top: 75px !important;}&#8221;][vc_column width=&#8221;3\/4&#8243;][vc_single_image image=&#8221;931&#8243; img_size=&#8221;full&#8221; alignment=&#8221;center&#8221;][skela_heading heading_title=&#8221;PAINEL SOLAR&#8221;][vc_column_text]Energia solar fotovoltaica \u00e9 a energia obtida atrav\u00e9s da convers\u00e3o direta da luz solar em eletricidade, atrav\u00e9s do chamado efeito fotovoltaico, a c\u00e9lula solar fotovoltaica \u00e9 o dispositivo semicondutor que utiliza este efeito para produzir eletricidade em corrente cont\u00ednua. O sil\u00edcio \u00e9 o material semicondutor mais utilizado para a fabrica\u00e7\u00e3o de c\u00e9lulas solares.<\/p>\n<p>O m\u00f3dulo solar fotovoltaico \u00e9 composto por c\u00e9lulas fotovoltaicas conectadas em arranjos, produzindo tens\u00e3o e corrente adequados para a utiliza\u00e7\u00e3o da energia. Os m\u00f3dulos geram energia em corrente cont\u00ednua e sua tens\u00e3o varia em fun\u00e7\u00e3o da quantidade de c\u00e9lulas de sua composi\u00e7\u00e3o. Os m\u00f3dulos solares s\u00e3o extremamente resistentes, vida \u00fatil acima de 30 anos e baixa manuten\u00e7\u00e3o.<\/p>\n<p>O sistema \u00e9 composto por m\u00f3dulos solares, controlador de carga e descarga, baterias e inversor (caso necess\u00e1rio).<\/p>\n<p>&nbsp;<\/p>\n<p>Como funciona o sistema:<\/p>\n<p>&nbsp;<\/p>\n<ol>\n<li>Quando o sol brilha sobre os m\u00f3dulos solares h\u00e1 produ\u00e7\u00e3o de corrente el\u00e9trica.<\/li>\n<li>Os condutores (fios e cabos) conduzem a eletricidade dos m\u00f3dulos ao controlador de carga.<\/li>\n<li>O controlador de carga dirige a eletricidade para as baterias para carreg\u00e1-las.<\/li>\n<li>As baterias acumulam a eletricidade para uso diurno ou noturno.<\/li>\n<li>Os controladores de carga enviam corrente aos aparelhos de mesma tens\u00e3o (Ex: L\u00e2mpadas 12VCC).<\/li>\n<li>Os inversores, que devem ser ligados diretamente nas baterias, enviam corrente aos aparelhos de tens\u00e3o diferente (exemplo: TV 110 VCA).<\/li>\n<\/ol>\n<p>[\/vc_column_text][\/vc_column][vc_column width=&#8221;1\/4&#8243;][vc_row_inner css=&#8221;.vc_custom_1500923511933{padding-right: 15px !important;padding-left: 15px !important;}&#8221;][vc_column_inner css=&#8221;.vc_custom_1500923497882{padding-top: 25px !important;padding-right: 25px !important;padding-bottom: 25px !important;padding-left: 25px !important;background-color: #222429 !important;}&#8221;][skela_heading heading_title_color=&#8221;#f7f7f7&#8243; heading_title=&#8221;QUALIDADE&#8221;][skela_icon_box icon_type=&#8221;font-icon&#8221; icon_color=&#8221;#1e73be&#8221; title_color=&#8221;#eaeaea&#8221; desc_color=&#8221;#eaeaea&#8221; font_icon=&#8221;fa fa-info-circle&#8221; desc=&#8221;A Ederer Comercial Importadora, trabalha apenas com os melhores fornecedores com produtos de qualidade.&#8221; title=&#8221;Os melhors produtos&#8221;][vc_separator color=&#8221;custom&#8221; accent_color=&#8221;#4c4c4c&#8221;][\/vc_column_inner][\/vc_row_inner][vc_empty_space][\/vc_column][\/vc_row]<\/p>\n","protected":false},"excerpt":{"rendered":"<p>[vc_row][vc_column][\/vc_column][\/vc_row][vc_row css=&#8221;.vc_custom_1500921084870{margin-top: 75px !important;}&#8221;][vc_column width=&#8221;3\/4&#8243;][vc_single_image image=&#8221;931&#8243; img_size=&#8221;full&#8221; alignment=&#8221;center&#8221;][skela_heading heading_title=&#8221;PAINEL SOLAR&#8221;][vc_column_text]Energia solar fotovoltaica \u00e9 a energia obtida atrav\u00e9s da convers\u00e3o direta da luz solar em eletricidade, atrav\u00e9s do chamado efeito fotovoltaico, a c\u00e9lula solar fotovoltaica \u00e9 o dispositivo semicondutor que utiliza este efeito para produzir eletricidade em corrente cont\u00ednua. O sil\u00edcio \u00e9 o material semicondutor mais<\/p>\n","protected":false},"author":2,"featured_media":0,"parent":0,"menu_order":0,"comment_status":"closed","ping_status":"closed","template":"","meta":{"footnotes":""},"_links":{"self":[{"href":"https:\/\/www.ederer.com.br\/portal\/wp-json\/wp\/v2\/pages\/930"}],"collection":[{"href":"https:\/\/www.ederer.com.br\/portal\/wp-json\/wp\/v2\/pages"}],"about":[{"href":"https:\/\/www.ederer.com.br\/portal\/wp-json\/wp\/v2\/types\/page"}],"author":[{"embeddable":true,"href":"https:\/\/www.ederer.com.br\/portal\/wp-json\/wp\/v2\/users\/2"}],"replies":[{"embeddable":true,"href":"https:\/\/www.ederer.com.br\/portal\/wp-json\/wp\/v2\/comments?post=930"}],"version-history":[{"count":2,"href":"https:\/\/www.ederer.com.br\/portal\/wp-json\/wp\/v2\/pages\/930\/revisions"}],"predecessor-version":[{"id":1050,"href":"https:\/\/www.ederer.com.br\/portal\/wp-json\/wp\/v2\/pages\/930\/revisions\/1050"}],"wp:attachment":[{"href":"https:\/\/www.ederer.com.br\/portal\/wp-json\/wp\/v2\/media?parent=930"}],"curies":[{"name":"wp","href":"https:\/\/api.w.org\/{rel}","templated":true}]}}