{"id":933,"date":"2017-09-25T14:54:25","date_gmt":"2017-09-25T17:54:25","guid":{"rendered":"http:\/\/www.ederer.com.br\/portal\/?page_id=933"},"modified":"2020-09-18T11:03:02","modified_gmt":"2020-09-18T14:03:02","slug":"monitores-computadorizados-de-velocidade-centralinas","status":"publish","type":"page","link":"https:\/\/www.ederer.com.br\/portal\/monitores-computadorizados-de-velocidade-centralinas\/","title":{"rendered":"MONITORES COMPUTADORIZADOS DE VELOCIDADE \u2013 CENTRALINAS"},"content":{"rendered":"<p>[vc_row][vc_column][\/vc_column][\/vc_row][vc_row css=&#8221;.vc_custom_1500921084870{margin-top: 75px !important;}&#8221;][vc_column width=&#8221;3\/4&#8243;][vc_single_image image=&#8221;1100&#8243; img_size=&#8221;full&#8221; alignment=&#8221;center&#8221;][skela_heading heading_title=&#8221;MONITORES COMPUTADORIZADOS DE VELOCIDADE \u2013 CENTRALINAS&#8221;][vc_column_text]O MONITOR COMPUTADORIZADO CF1000 ES \u00e9 o equipamento respons\u00e1vel pelo acionamento da v\u00e1lvula de desvio (by-pass) que aumenta ou diminui a velocidade de recolhimento da mangueira do Hidro Roll (carretel irrigador) a partir do valor programado. Disp\u00f5e dos seguintes componentes: Centralina CF1000 ES, conjunto Moto redutor, conjunto sensor de velocidade e v\u00e1lvula reguladora.<\/p>\n<p><img loading=\"lazy\" decoding=\"async\" class=\"alignnone wp-image-1102 size-medium\" src=\"http:\/\/www.ederer.com.br\/portal\/wp-content\/uploads\/2017\/09\/1600432882142-300x225.jpg\" alt=\"\" width=\"300\" height=\"225\" srcset=\"https:\/\/www.ederer.com.br\/portal\/wp-content\/uploads\/2017\/09\/1600432882142-300x225.jpg 300w, https:\/\/www.ederer.com.br\/portal\/wp-content\/uploads\/2017\/09\/1600432882142-768x576.jpg 768w, https:\/\/www.ederer.com.br\/portal\/wp-content\/uploads\/2017\/09\/1600432882142-1024x768.jpg 1024w, https:\/\/www.ederer.com.br\/portal\/wp-content\/uploads\/2017\/09\/1600432882142-800x600.jpg 800w\" sizes=\"(max-width: 300px) 100vw, 300px\" \/><\/p>\n<p><strong>Caracter\u00edsticas T\u00e9cnicas.<\/strong><\/p>\n<p><strong>Centralina CF1000 ES:<\/strong><\/p>\n<p>Tens\u00e3o de alimenta\u00e7\u00e3o: 12 Volts CC<br \/>\nConsumo de energia: 0,05 A\/hora<br \/>\nDisplay de Cristal L\u00edquido:\u00a0 2&#215;16 com backlight: consumo: 0,1 A\/hora<br \/>\nFrontal em policarbonato: Resistente a intemp\u00e9ries.<br \/>\nTeclado com chave t\u00e1ctil: Vida \u00fatil &gt; 100.000 opera\u00e7\u00f5es.<\/p>\n<p><strong>Conjunto Motoredutor CF1000 ES:<\/strong><\/p>\n<p>Tens\u00e3o de alimenta\u00e7\u00e3o: \u00a0\u00a0 \u00a0\u00a0\u00a012 Volts CC<br \/>\nConsumo de energia:\u00a0\u00a0\u00a0\u00a0\u00a0\u00a0\u00a0 \u00a0\u00a0 0,3A\/hora[\/vc_column_text][\/vc_column][vc_column width=&#8221;1\/4&#8243;][vc_row_inner css=&#8221;.vc_custom_1500923511933{padding-right: 15px !important;padding-left: 15px !important;}&#8221;][vc_column_inner css=&#8221;.vc_custom_1500923497882{padding-top: 25px !important;padding-right: 25px !important;padding-bottom: 25px !important;padding-left: 25px !important;background-color: #222429 !important;}&#8221;][skela_heading heading_title_color=&#8221;#f7f7f7&#8243; heading_title=&#8221;QUALIDADE&#8221;][skela_icon_box icon_type=&#8221;font-icon&#8221; icon_color=&#8221;#1e73be&#8221; title_color=&#8221;#eaeaea&#8221; desc_color=&#8221;#eaeaea&#8221; font_icon=&#8221;fa fa-info-circle&#8221; desc=&#8221;A Ederer Comercial Importadora, trabalha apenas com os melhores fornecedores com produtos de qualidade.&#8221; title=&#8221;Os melhors produtos&#8221;][vc_separator color=&#8221;custom&#8221; accent_color=&#8221;#4c4c4c&#8221;][\/vc_column_inner][\/vc_row_inner][vc_empty_space][\/vc_column][\/vc_row]<\/p>\n","protected":false},"excerpt":{"rendered":"<p>[vc_row][vc_column][\/vc_column][\/vc_row][vc_row css=&#8221;.vc_custom_1500921084870{margin-top: 75px !important;}&#8221;][vc_column width=&#8221;3\/4&#8243;][vc_single_image image=&#8221;1100&#8243; img_size=&#8221;full&#8221; alignment=&#8221;center&#8221;][skela_heading heading_title=&#8221;MONITORES COMPUTADORIZADOS DE VELOCIDADE \u2013 CENTRALINAS&#8221;][vc_column_text]O MONITOR COMPUTADORIZADO CF1000 ES \u00e9 o equipamento respons\u00e1vel pelo acionamento da v\u00e1lvula de desvio (by-pass) que aumenta ou diminui a velocidade de recolhimento da mangueira do Hidro Roll (carretel irrigador) a partir do valor programado. Disp\u00f5e dos seguintes componentes: Centralina CF1000<\/p>\n","protected":false},"author":2,"featured_media":0,"parent":0,"menu_order":0,"comment_status":"closed","ping_status":"closed","template":"","meta":{"footnotes":""},"_links":{"self":[{"href":"https:\/\/www.ederer.com.br\/portal\/wp-json\/wp\/v2\/pages\/933"}],"collection":[{"href":"https:\/\/www.ederer.com.br\/portal\/wp-json\/wp\/v2\/pages"}],"about":[{"href":"https:\/\/www.ederer.com.br\/portal\/wp-json\/wp\/v2\/types\/page"}],"author":[{"embeddable":true,"href":"https:\/\/www.ederer.com.br\/portal\/wp-json\/wp\/v2\/users\/2"}],"replies":[{"embeddable":true,"href":"https:\/\/www.ederer.com.br\/portal\/wp-json\/wp\/v2\/comments?post=933"}],"version-history":[{"count":4,"href":"https:\/\/www.ederer.com.br\/portal\/wp-json\/wp\/v2\/pages\/933\/revisions"}],"predecessor-version":[{"id":1103,"href":"https:\/\/www.ederer.com.br\/portal\/wp-json\/wp\/v2\/pages\/933\/revisions\/1103"}],"wp:attachment":[{"href":"https:\/\/www.ederer.com.br\/portal\/wp-json\/wp\/v2\/media?parent=933"}],"curies":[{"name":"wp","href":"https:\/\/api.w.org\/{rel}","templated":true}]}}