{"id":994,"date":"2017-11-27T10:18:19","date_gmt":"2017-11-27T12:18:19","guid":{"rendered":"http:\/\/www.ederer.com.br\/portal\/?page_id=994"},"modified":"2017-11-27T11:43:24","modified_gmt":"2017-11-27T13:43:24","slug":"redutor-edml-2v","status":"publish","type":"page","link":"https:\/\/www.ederer.com.br\/portal\/redutor-edml-2v\/","title":{"rendered":"Redutor EDML 2V"},"content":{"rendered":"<p>[vc_row][vc_column][\/vc_column][\/vc_row][vc_row css=&#8221;.vc_custom_1500921084870{margin-top: 75px !important;}&#8221;][vc_column width=&#8221;3\/4&#8243;][vc_single_image image=&#8221;995&#8243; img_size=&#8221;full&#8221; alignment=&#8221;center&#8221;][skela_heading heading_title=&#8221;Redutor EDML 2V&#8221;][vc_column_text]Redutor de duas velocidades especialmente desenvolvido para os sistemas de acionamento de equipamentos de irriga\u00e7\u00e3o tipo \u201cCarretel\u201d De constru\u00e7\u00e3o robusta em caixa em a\u00e7o fundido GG25, \u00e9 fabricado com engrenagens de dentes retos, eixos e pinh\u00f5es fresados em a\u00e7o SAE 8620. Todos s\u00e3o temperados e revenidos. A caixa como todas as engrenagens, pinh\u00f5es e eixos s\u00e3o totalmente intercambi\u00e1veis com os redutores importados COMER.<br \/>\nO redutor EDML 2V al\u00e9m da forma original de fixa\u00e7\u00e3o possue quatro p\u00e9s para uma fixa\u00e7\u00e3o ainda melhor e f\u00e1cil. Al\u00e9m disso, todo sistema de frenagem por disco de freio e pastilhas est\u00e1\u00a0 incorporado \u00e0 caixa, n\u00e3o sendo necess\u00e1rio qualquer tipo de suporte ou fixa\u00e7\u00e3o. Os sentidos de rota\u00e7\u00e3o do redutor EDML 2v \u00e9 anti-hor\u00e1rio\/anti- hor\u00e1rio, visto pelo eixo de entrada. A 1\u00aa redu\u00e7\u00e3o de velocidade \u00e9 de 115:1, a 2\u00aa de 250:1. O momento tor\u00e7or do redutor EDML 2V alcan\u00e7a os 210 Nm.[\/vc_column_text][\/vc_column][vc_column width=&#8221;1\/4&#8243;][vc_row_inner css=&#8221;.vc_custom_1500923511933{padding-right: 15px !important;padding-left: 15px !important;}&#8221;][vc_column_inner css=&#8221;.vc_custom_1500923497882{padding-top: 25px !important;padding-right: 25px !important;padding-bottom: 25px !important;padding-left: 25px !important;background-color: #222429 !important;}&#8221;][skela_heading heading_title_color=&#8221;#f7f7f7&#8243; heading_title=&#8221;QUALIDADE&#8221;][skela_icon_box icon_type=&#8221;font-icon&#8221; icon_color=&#8221;#1e73be&#8221; title_color=&#8221;#eaeaea&#8221; desc_color=&#8221;#eaeaea&#8221; font_icon=&#8221;fa fa-info-circle&#8221; desc=&#8221;A Ederer Comercial Importadora, trabalha apenas com os melhores fornecedores com produtos de qualidade.&#8221; title=&#8221;Os melhors produtos&#8221;][vc_separator color=&#8221;custom&#8221; accent_color=&#8221;#4c4c4c&#8221;][\/vc_column_inner][\/vc_row_inner][vc_empty_space][\/vc_column][\/vc_row]<\/p>\n","protected":false},"excerpt":{"rendered":"<p>[vc_row][vc_column][\/vc_column][\/vc_row][vc_row css=&#8221;.vc_custom_1500921084870{margin-top: 75px !important;}&#8221;][vc_column width=&#8221;3\/4&#8243;][vc_single_image image=&#8221;995&#8243; img_size=&#8221;full&#8221; alignment=&#8221;center&#8221;][skela_heading heading_title=&#8221;Redutor EDML 2V&#8221;][vc_column_text]Redutor de duas velocidades especialmente desenvolvido para os sistemas de acionamento de equipamentos de irriga\u00e7\u00e3o tipo \u201cCarretel\u201d De constru\u00e7\u00e3o robusta em caixa em a\u00e7o fundido GG25, \u00e9 fabricado com engrenagens de dentes retos, eixos e pinh\u00f5es fresados em a\u00e7o SAE 8620. Todos s\u00e3o temperados e<\/p>\n","protected":false},"author":2,"featured_media":0,"parent":0,"menu_order":0,"comment_status":"closed","ping_status":"closed","template":"","meta":{"footnotes":""},"_links":{"self":[{"href":"https:\/\/www.ederer.com.br\/portal\/wp-json\/wp\/v2\/pages\/994"}],"collection":[{"href":"https:\/\/www.ederer.com.br\/portal\/wp-json\/wp\/v2\/pages"}],"about":[{"href":"https:\/\/www.ederer.com.br\/portal\/wp-json\/wp\/v2\/types\/page"}],"author":[{"embeddable":true,"href":"https:\/\/www.ederer.com.br\/portal\/wp-json\/wp\/v2\/users\/2"}],"replies":[{"embeddable":true,"href":"https:\/\/www.ederer.com.br\/portal\/wp-json\/wp\/v2\/comments?post=994"}],"version-history":[{"count":3,"href":"https:\/\/www.ederer.com.br\/portal\/wp-json\/wp\/v2\/pages\/994\/revisions"}],"predecessor-version":[{"id":1021,"href":"https:\/\/www.ederer.com.br\/portal\/wp-json\/wp\/v2\/pages\/994\/revisions\/1021"}],"wp:attachment":[{"href":"https:\/\/www.ederer.com.br\/portal\/wp-json\/wp\/v2\/media?parent=994"}],"curies":[{"name":"wp","href":"https:\/\/api.w.org\/{rel}","templated":true}]}}