{"id":999,"date":"2017-11-27T10:52:38","date_gmt":"2017-11-27T12:52:38","guid":{"rendered":"http:\/\/www.ederer.com.br\/portal\/?page_id=999"},"modified":"2018-04-19T10:05:48","modified_gmt":"2018-04-19T13:05:48","slug":"aspersor-xlt-62-fl-2","status":"publish","type":"page","link":"https:\/\/www.ederer.com.br\/portal\/aspersor-xlt-62-fl-2\/","title":{"rendered":"Aspersor XLT 62 \u2013 Fl 2\u2019\u2019"},"content":{"rendered":"<p>[vc_row][vc_column][\/vc_column][\/vc_row][vc_row css=&#8221;.vc_custom_1500921084870{margin-top: 75px !important;}&#8221;][vc_column width=&#8221;3\/4&#8243;][vc_single_image image=&#8221;1000&#8243; img_size=&#8221;full&#8221;][skela_heading heading_title=&#8221;ASPERSOR XLT 62 \u2013 Fl 2\u2019\u2019&#8221;][vc_column_text]Aspersor com grande capacidade de vaz\u00e3o e altas press\u00f5es. \u00c9 acionado por turbina que promove giro suave e constante. Gra\u00e7as a grande gama de bocais dispon\u00edveis e ao seu sistema de quebra-jato ajust\u00e1vel torna assim a sua distribui\u00e7\u00e3o extremamente uniforme.<\/p>\n<p>Fabricado na China e constru\u00eddo com materiais nobres como ligas de alum\u00ednio, a\u00e7o inox e bronze dando assim ao aspersor grande durabilidade, resist\u00eancia e leveza. Para garantir a performance do aspersor e a veracidade dos dados apresentados, suas condi\u00e7\u00f5es foram ensaiadas pelo Departamento de Engenharia de \u00c1gua e Solo da UFLA Universidade Federal de Lavras, sob supervis\u00e3o do Professor PHD Alberto Colombo.<\/p>\n<p><strong>O aspersor XLT 62 tem a conex\u00e3o por flange 2&#8243; com di\u00e2metro externo de 155mm, 6 furos de 10,5mm com entre-centro de 130mm e \u00e9 fornecido com jogo de bocais de 16 a 24 mm.<\/strong><\/p>\n<p><iframe loading=\"lazy\" width=\"500\" height=\"375\" src=\"https:\/\/www.youtube.com\/embed\/MVuupwNfBYg?feature=oembed\" frameborder=\"0\" allow=\"autoplay; encrypted-media\" allowfullscreen><\/iframe><\/p>\n<p>[\/vc_column_text][\/vc_column][vc_column width=&#8221;1\/4&#8243;][vc_row_inner css=&#8221;.vc_custom_1500923511933{padding-right: 15px !important;padding-left: 15px !important;}&#8221;][vc_column_inner css=&#8221;.vc_custom_1500923497882{padding-top: 25px !important;padding-right: 25px !important;padding-bottom: 25px !important;padding-left: 25px !important;background-color: #222429 !important;}&#8221;][skela_heading heading_title_color=&#8221;#f7f7f7&#8243; heading_title=&#8221;DETALHES DO PRODUTO&#8221;][skela_icon_box icon_type=&#8221;font-icon&#8221; icon_color=&#8221;#6d9946&#8243; title_color=&#8221;#eaeaea&#8221; desc_color=&#8221;#eaeaea&#8221; font_icon=&#8221;fa fa-info-circle&#8221; desc=&#8221;16 &#8211; 30 mm<br \/>\n&#8221; title=&#8221;Bocais Dispon\u00edveis&#8221;][vc_separator color=&#8221;custom&#8221; accent_color=&#8221;#4c4c4c&#8221;][skela_icon_box icon_type=&#8221;font-icon&#8221; icon_color=&#8221;#6d9946&#8243; title_color=&#8221;#eaeaea&#8221; desc_color=&#8221;#eaeaea&#8221; font_icon=&#8221;fa fa-camera&#8221; desc=&#8221;15,9 &#8211; 86,9 m\u00b3\/h<br \/>\n&#8221; title=&#8221;Faixa de vaz\u00e3o&#8221;][vc_separator color=&#8221;custom&#8221; accent_color=&#8221;#4c4c4c&#8221;][skela_icon_box icon_type=&#8221;font-icon&#8221; icon_color=&#8221;#6d9946&#8243; title_color=&#8221;#eaeaea&#8221; desc_color=&#8221;#eaeaea&#8221; font_icon=&#8221;fa fa-file-pdf-o&#8221; desc=&#8221;26,9 &#8211; 56,8 m<\/p>\n<p>&#8221; title=&#8221;Faixa de alcance&#8221;][vc_separator color=&#8221;custom&#8221; accent_color=&#8221;#4c4c4c&#8221;][\/vc_column_inner][\/vc_row_inner][vc_empty_space][skela_heading heading_title_color=&#8221;&#8221; heading_title=&#8221;DOWNLOADS&#8221;][vc_btn title=&#8221;Dados T\u00e9cnicos&#8221; style=&#8221;flat&#8221; shape=&#8221;square&#8221; color=&#8221;black&#8221; align=&#8221;left&#8221; i_icon_fontawesome=&#8221;fa fa-file-pdf-o&#8221; button_block=&#8221;true&#8221; add_icon=&#8221;true&#8221; link=&#8221;url:http%3A%2F%2Fwww.ederer.com.br%2Fportal%2Fwp-content%2Fuploads%2F2017%2F11%2FDados-XLT.pdf||target:%20_blank|&#8221;][\/vc_column][\/vc_row]<\/p>\n","protected":false},"excerpt":{"rendered":"<p>[vc_row][vc_column][\/vc_column][\/vc_row][vc_row css=&#8221;.vc_custom_1500921084870{margin-top: 75px !important;}&#8221;][vc_column width=&#8221;3\/4&#8243;][vc_single_image image=&#8221;1000&#8243; img_size=&#8221;full&#8221;][skela_heading heading_title=&#8221;ASPERSOR XLT 62 \u2013 Fl 2\u2019\u2019&#8221;][vc_column_text]Aspersor com grande capacidade de vaz\u00e3o e altas press\u00f5es. \u00c9 acionado por turbina que promove giro suave e constante. Gra\u00e7as a grande gama de bocais dispon\u00edveis e ao seu sistema de quebra-jato ajust\u00e1vel torna assim a sua distribui\u00e7\u00e3o extremamente uniforme. Fabricado na China<\/p>\n","protected":false},"author":2,"featured_media":0,"parent":0,"menu_order":0,"comment_status":"closed","ping_status":"closed","template":"","meta":{"footnotes":""},"_links":{"self":[{"href":"https:\/\/www.ederer.com.br\/portal\/wp-json\/wp\/v2\/pages\/999"}],"collection":[{"href":"https:\/\/www.ederer.com.br\/portal\/wp-json\/wp\/v2\/pages"}],"about":[{"href":"https:\/\/www.ederer.com.br\/portal\/wp-json\/wp\/v2\/types\/page"}],"author":[{"embeddable":true,"href":"https:\/\/www.ederer.com.br\/portal\/wp-json\/wp\/v2\/users\/2"}],"replies":[{"embeddable":true,"href":"https:\/\/www.ederer.com.br\/portal\/wp-json\/wp\/v2\/comments?post=999"}],"version-history":[{"count":8,"href":"https:\/\/www.ederer.com.br\/portal\/wp-json\/wp\/v2\/pages\/999\/revisions"}],"predecessor-version":[{"id":1065,"href":"https:\/\/www.ederer.com.br\/portal\/wp-json\/wp\/v2\/pages\/999\/revisions\/1065"}],"wp:attachment":[{"href":"https:\/\/www.ederer.com.br\/portal\/wp-json\/wp\/v2\/media?parent=999"}],"curies":[{"name":"wp","href":"https:\/\/api.w.org\/{rel}","templated":true}]}}